{"id":11,"date":"2021-06-02T12:05:48","date_gmt":"2021-06-02T12:05:48","guid":{"rendered":"https:\/\/www.tera4all.eu\/?page_id=11"},"modified":"2021-06-08T10:24:40","modified_gmt":"2021-06-08T10:24:40","slug":"about","status":"publish","type":"page","link":"https:\/\/www.tera4all.eu\/","title":{"rendered":"About"},"content":{"rendered":"\r\n<p><img loading=\"lazy\" decoding=\"async\" class=\"wp-image-118 alignleft\" style=\"font-style: inherit; text-align: -webkit-center;\" src=\"https:\/\/www.tera4all.eu\/wp-content\/uploads\/2021\/06\/General0-288x300.png\" alt=\"\" width=\"270\" height=\"281\" srcset=\"https:\/\/www.tera4all.eu\/wp-content\/uploads\/2021\/06\/General0-288x300.png 288w, https:\/\/www.tera4all.eu\/wp-content\/uploads\/2021\/06\/General0.png 612w\" sizes=\"auto, (max-width: 270px) 100vw, 270px\" \/><span style=\"color: #808080;\"><span style=\"font-size: medium;\"><span style=\"color: #808080;\"><span style=\"font-size: medium;\"><i>Le projet TERA4ALL\u00a0<\/i><\/span><\/span><span style=\"color: #808080;\"><span style=\"font-size: medium;\"><span lang=\"fr-BE\" style=\"font-size: 16px;\"><i>est un\u00a0<\/i><\/span><\/span><\/span><span style=\"color: #808080;\"><span style=\"font-size: medium;\"><i>portefeuille\u00a0<\/i><\/span><\/span><span style=\"color: #808080;\"><span style=\"font-size: medium;\"><span lang=\"fr-BE\" style=\"font-size: 16px;\"><i>de 6 sous-projets\u00a0<\/i><\/span><\/span><\/span><span style=\"color: #808080;\"><span style=\"font-size: medium;\"><i>vis<\/i><\/span><\/span><span style=\"color: #808080;\"><span style=\"font-size: medium;\"><span lang=\"fr-BE\" style=\"font-size: 16px;\"><i>ant<\/i><\/span><\/span><\/span><span style=\"color: #808080;\"><span style=\"font-size: medium;\"><i>\u00a0\u00e0 d\u00e9velopper\u00a0<\/i><\/span><\/span><span style=\"color: #808080;\"><span style=\"font-size: medium;\"><span lang=\"fr-BE\" style=\"font-size: 16px;\"><i>la technologie t\u00e9rahertz en Wallonie et faire connaitre ses potentialit\u00e9s aupr\u00e8s des entreprises, en particulier dans les secteurs d\u2019activit\u00e9 suivants\u00a0:<\/i><\/span><\/span><\/span><\/span><\/span><\/p>\r\n<p align=\"center\"><span style=\"color: #808080;\"><span style=\"font-size: medium;\"><i>Pharmaceutique <\/i><\/span><\/span><\/p>\r\n<p align=\"center\"><span style=\"color: #808080;\"><span style=\"font-size: medium;\"><i>Composites <\/i><\/span><\/span><\/p>\r\n<p align=\"center\"><span style=\"color: #808080;\"><span style=\"font-size: medium;\"><i>M\u00e9dical<\/i><\/span><\/span><\/p>\r\n<p align=\"center\"><span style=\"color: #808080;\"><span style=\"font-size: medium;\"><i>Agro-alimentaire <\/i><\/span><\/span><\/p>\r\n<p>&nbsp;<\/p>\r\n<p><span lang=\"fr-BE\">Les partenaires de ce projet sont\u00a0: <\/span><\/p>\r\n<ul>\r\n<li>\r\n<p><span lang=\"fr-BE\">MULTITEL (coordinateur et d\u00e9veloppeur de solutions THz),<\/span><\/p>\r\n<\/li>\r\n<li>\r\n<p><span style=\"font-size: 15px;\">Centre spatial de Li\u00e8ge (sp\u00e9cialis\u00e9 dans les applications de contr\u00f4le non destructif sur composites notamment et techniques holographiques),<\/span><\/p>\r\n<\/li>\r\n<li>\r\n<p><span lang=\"fr-BE\">Universit\u00e9 de Li\u00e8ge, Intelsig (traitement du signal et imagerie THz appliqu\u00e9e au cas de biopsies et de cancer du sein),<\/span><\/p>\r\n<\/li>\r\n<li>\r\n<p><span lang=\"fr-BE\">Centre wallon de Recherches agronomiques (Mesures par spectroscopie infrarouge et Raman et sp\u00e9cialise des applications agro-alimentaires),<\/span><\/p>\r\n<\/li>\r\n<li>\r\n<p><span lang=\"fr-BE\">Universit\u00e9 Catholique de Louvain, IMCN (conception de nouveaux compos\u00e9s pharamceutiques et caract\u00e9risation).<\/span><\/p>\r\n<\/li>\r\n<\/ul>\r\n<p><strong><span lang=\"fr-BE\">Le projet est soutenu par la r\u00e9gion wallonne et les fon<\/span><\/strong><strong style=\"font-size: 15px;\"><span lang=\"fr-BE\">ds FEDER pour un montant total de 4.446.204,09 \u20ac.<\/span><\/strong><\/p>\r\n<p><span lang=\"fr-BE\"><i style=\"color: #808080; font-size: medium; text-align: -webkit-center;\"><img loading=\"lazy\" decoding=\"async\" class=\"wp-image-168 aligncenter\" src=\"https:\/\/www.tera4all.eu\/wp-content\/uploads\/2021\/06\/logo_FEDERwallonie-300x76.jpg\" alt=\"\" width=\"557\" height=\"159\" \/><\/i><\/span><\/p>\r\n","protected":false},"excerpt":{"rendered":"<p>Le projet TERA4ALL\u00a0est un\u00a0portefeuille\u00a0de 6 sous-projets\u00a0visant\u00a0\u00e0 d\u00e9velopper\u00a0la technologie t\u00e9rahertz en Wallonie et faire connaitre ses potentialit\u00e9s aupr\u00e8s des entreprises, en particulier dans les secteurs d\u2019activit\u00e9 suivants\u00a0: Pharmaceutique Composites M\u00e9dical Agro-alimentaire &nbsp; Les partenaires de ce projet sont\u00a0: MULTITEL (coordinateur et <a class=\"more-link\" href=\"https:\/\/www.tera4all.eu\/\">Continue reading <span class=\"screen-reader-text\">  About<\/span><span class=\"meta-nav\">&rarr;<\/span><\/a><\/p>\n","protected":false},"author":1,"featured_media":0,"parent":0,"menu_order":0,"comment_status":"closed","ping_status":"closed","template":"","meta":{"footnotes":""},"class_list":["post-11","page","type-page","status-publish","hentry"],"_links":{"self":[{"href":"https:\/\/www.tera4all.eu\/index.php?rest_route=\/wp\/v2\/pages\/11","targetHints":{"allow":["GET"]}}],"collection":[{"href":"https:\/\/www.tera4all.eu\/index.php?rest_route=\/wp\/v2\/pages"}],"about":[{"href":"https:\/\/www.tera4all.eu\/index.php?rest_route=\/wp\/v2\/types\/page"}],"author":[{"embeddable":true,"href":"https:\/\/www.tera4all.eu\/index.php?rest_route=\/wp\/v2\/users\/1"}],"replies":[{"embeddable":true,"href":"https:\/\/www.tera4all.eu\/index.php?rest_route=%2Fwp%2Fv2%2Fcomments&post=11"}],"version-history":[{"count":8,"href":"https:\/\/www.tera4all.eu\/index.php?rest_route=\/wp\/v2\/pages\/11\/revisions"}],"predecessor-version":[{"id":169,"href":"https:\/\/www.tera4all.eu\/index.php?rest_route=\/wp\/v2\/pages\/11\/revisions\/169"}],"wp:attachment":[{"href":"https:\/\/www.tera4all.eu\/index.php?rest_route=%2Fwp%2Fv2%2Fmedia&parent=11"}],"curies":[{"name":"wp","href":"https:\/\/api.w.org\/{rel}","templated":true}]}}