{"id":129,"date":"2021-06-04T14:07:57","date_gmt":"2021-06-04T14:07:57","guid":{"rendered":"https:\/\/www.tera4all.eu\/?page_id=129"},"modified":"2021-06-30T09:18:23","modified_gmt":"2021-06-30T09:18:23","slug":"liste-publications-entreprises","status":"publish","type":"page","link":"https:\/\/www.tera4all.eu\/?page_id=129","title":{"rendered":"Liste Publications \/ Entreprises"},"content":{"rendered":"<p><strong>Publications\u00a0<\/strong><\/p>\n<ol>\n<li>Rong, L., Tang, C., Zhao,Y., Tan, F., Wang, Y., Zhao, J., Wang, D., Georges, M. (2020). Continuous-wave terahertz reflective ptychography by oblique illumination. <em>Optics Letters <\/em>45(16), 4412-4415.<\/li>\n<li>Zhao, Y., Kirkove, M., &amp; Georges, M. (2020). Inverse-problem based algorithm for THz off-axis digital holography reconstruction. Imaging and Applied Optics Congress (pp. 4G.6). Washington, DC: Optical Society of America.<\/li>\n<li>Tang, C., Zhao, Y., Tan, F., Wang, D., Rong, L., &amp; Georges, M. (2020). Terahertz reflective ptychography. In C., Fournier, M.,Georges, &amp; G., Popescu, Unconventional Optical Imaging II (pp. 1135116).<\/li>\n<li>Valzania, L., Zhao, Y., Rong, L., Wand, D., Georges, M., Hack, E., Zolliker, P. (2019). THz coherent lensless imaging. <em>Applied Optics<\/em> 58(34), G256-G275<\/li>\n<li>Zhao, Y., Vandenrijt, J-F., Kirkove, M., Georges, M. (2019). Iterative Phase Retrieval Assisted Off-Axis Terahertz Digital Holography. <em>Applied Optics<\/em> 58(32), 9209-9216<\/li>\n<li>Zhao, Y., But, D., Georges, M., &amp; Knap, W. (2019, September 01). Terahertz Digital Holography Using Field-Effect Transistor Detectors. Poster session presented at 44th International Conference on Infrared, Millimeter, and Terahertz Waves<\/li>\n<li>Georges, M. (2019, July). Holography from thermal infrared to terahertz in view of applications in metrology and nondestructive testing. Paper presented at Light Conference 2019, Changchun, China<\/li>\n<li>Zhao, Y., Vandenrijt, J-F., Kirkove, M, Georges, M. (2019). Imaging quality and resolution enhancement by iterative phase retrieval in THz off-axis digital holography. Digital Holography &amp; 3-D Imaging Meeting, OSA Technical Digest (Optical Society of America, 2019), paper Th4B.3.<\/li>\n<li>Zhao, Y., Nguyen, D., Hernandez, Y., Georges, M. (2018) Focal plane detection via holographic autofocusing criterion applied on Terahertz TDS system. Imaging and Applied Optics 2018, OSA Technical Digest (Optical Society of America, 2018), paper JTu4A.33<\/li>\n<li>Zhao, Y., Zemmamouche, R., Vandenrijt, J.-F., &amp; Georges, M. (2017). Accuracy concerns in digital speckle photography combined with Fresnel digital holographic interferometry. <em>Optics and Lasers in Engineering<\/em> 104, 84-89<\/li>\n<li>Georges, M. (2017, October 03). Thermal infrared and terahertz digital holography and their applications. Paper presented at XXX School of Holography, Coherent Optics and Photonics, Kaliningrad, Russia<\/li>\n<li>Boutaayamou, D. Cerica, and J. G. Verly. \u201cTerahertz Pulsed Imaging of Dehydrated Human Breast Cancer Samples.\u201d 45<sup>th<\/sup> International Conference on Infrared, Millimeter, and Terahertz Waves (IRMMW-THz), IEEE, pp. 1-2, Buffalo, NY, USA, Nov. 8-13, 2020.<\/li>\n<li>Boutaayamou, D. Cerica, and J. G. Verly. \u201cTerahertz Reflection Imaging of Paraffin-Embedded Human Breast Cancer Samples: Some First Results.\u201d 13<sup>th<\/sup> International Joint Conference on Biomedical Engineering Systems and Technologies (BIOSTEC 2020) &#8211; Volume 2: Bioimaging, pp. 200-203, Malta, Feb. 24-26, 2020.<\/li>\n<li>Cerica, D. Nguyen, Y. Hernandez, J.G. Verly, and M. Boutaayamou. \u201cTerahertz Pulsed Imaging of Paraffin-Embedded Human Breast Cancer Tissue.\u201d 44<sup>th<\/sup> International Conference on Infrared, Millimeter, and Terahertz Waves (IRMMW-THz), IEEE, Paris, France, Sep. 1-6, 2019.<\/li>\n<li>Cerica, D. Nguyen, Y. Hernandez, J. G. Verly, and M. Boutaayamou. \u201cTerahertz imaging of breast cancer tissue: preliminary results.\u201d In: \u201cTerahertz solutions for industry: how Terahertz could revolutionize your business?\u201d University of Bordeaux, Bordeaux, France, Feb. 19-20, 2019.<\/li>\n<li><span style=\"font-family: 'Helvetica Neue', Helvetica, Arial, sans-serif; font-size: 15px; font-style: normal;\">X Buol, C Caro Garrido, K Robeyns, N Tumanov, L Collard, J Wouters, &#8220;<\/span>Chiral Resolution of Mandelic Acid through Preferential Cocrystallization with Nefiracetam&#8221;, Crystal Growth &amp; Design 20 (12), 7979-7988<\/li>\n<li><span style=\"font-family: 'Helvetica Neue', Helvetica, Arial, sans-serif; font-size: 15px; font-style: normal;\">X Buol, K Robeyns, C Caro Garrido, N Tumanov, L Collard, J Wouters, &#8220;<\/span>Improving nefiracetam dissolution and solubility behavior using a cocrystallization approach&#8221;, Pharmaceutics 12 (7), 653<\/li>\n<li>X Buol, K Robeyns, N Tumanov, J Wouters, T Leyssens, <span style=\"font-size: 15px;\">Identifying, Characterizing, and Understanding Nefiracetam in Its Solid State Forms: A Potential Antidementia Drug,\u00a0<\/span><span style=\"font-size: 15px;\">Journal of pharmaceutical sciences 108 (11), 3616-3622<\/span><\/li>\n<\/ol>\n<p>&nbsp;<\/p>\n<p><strong>Exemples d&#8217;entreprises wallonnes sensibilis\u00e9es \u00e0 la technologie t\u00e9rahertz : pour certaines une pr\u00e9sentation de la technologie a \u00e9t\u00e9 r\u00e9alis\u00e9e, pour d&#8217;autres des petits essais ont pu \u00eatre men\u00e9s sur des cas d&#8217;applications concrets :\u00a0<\/strong><\/p>\n<p>Belourthe, Expenses reduction Analyst, Lutosa, Prayon, Quality Partner, RAFTIR, Realco, Sopura, My Skill Camps, APB, Artechno, Aw\u00e9, Beldrone, Cosucra, Dumoulin, Mercuri Urval Belgium, Meurens, Natural SA, Naredi, ORTIS, Prayon, Puratos, RAFTIR, Realco, Sopura, Walagri, CMI Defence, Artialis S.A., Safran Aero Boosters, LAMBDA \u2013 X, Deltatec, AC&amp;CS &#8211; CRM Group, NDTpro, Magotteaux Li\u00e8ge S.A, Level IT, Callebaut, Silinov, SBM, Solvay, Alkar, LASEA, CEFALY Technologies, UCB, TOTAL, Zentech\u2026<\/p>\n<p style=\"text-align: center;\"><span style=\"color: #ff0000;\"><strong>N&#8217;h\u00e9sitez pas \u00e0 nous contacter si vous souhaitez vous aussi tester les ondes THz pour votre cas d&#8217;application.<\/strong><\/span><\/p>\n","protected":false},"excerpt":{"rendered":"<p>Publications\u00a0 Rong, L., Tang, C., Zhao,Y., Tan, F., Wang, Y., Zhao, J., Wang, D., Georges, M. (2020). Continuous-wave terahertz reflective ptychography by oblique illumination. Optics Letters 45(16), 4412-4415. Zhao, Y., Kirkove, M., &amp; Georges, M. (2020). Inverse-problem based algorithm for <a class=\"more-link\" href=\"https:\/\/www.tera4all.eu\/?page_id=129\">Continue reading <span class=\"screen-reader-text\">  Liste Publications \/ Entreprises<\/span><span class=\"meta-nav\">&rarr;<\/span><\/a><\/p>\n","protected":false},"author":1,"featured_media":0,"parent":0,"menu_order":0,"comment_status":"closed","ping_status":"closed","template":"","meta":{"footnotes":""},"class_list":["post-129","page","type-page","status-publish","hentry"],"_links":{"self":[{"href":"https:\/\/www.tera4all.eu\/index.php?rest_route=\/wp\/v2\/pages\/129","targetHints":{"allow":["GET"]}}],"collection":[{"href":"https:\/\/www.tera4all.eu\/index.php?rest_route=\/wp\/v2\/pages"}],"about":[{"href":"https:\/\/www.tera4all.eu\/index.php?rest_route=\/wp\/v2\/types\/page"}],"author":[{"embeddable":true,"href":"https:\/\/www.tera4all.eu\/index.php?rest_route=\/wp\/v2\/users\/1"}],"replies":[{"embeddable":true,"href":"https:\/\/www.tera4all.eu\/index.php?rest_route=%2Fwp%2Fv2%2Fcomments&post=129"}],"version-history":[{"count":6,"href":"https:\/\/www.tera4all.eu\/index.php?rest_route=\/wp\/v2\/pages\/129\/revisions"}],"predecessor-version":[{"id":179,"href":"https:\/\/www.tera4all.eu\/index.php?rest_route=\/wp\/v2\/pages\/129\/revisions\/179"}],"wp:attachment":[{"href":"https:\/\/www.tera4all.eu\/index.php?rest_route=%2Fwp%2Fv2%2Fmedia&parent=129"}],"curies":[{"name":"wp","href":"https:\/\/api.w.org\/{rel}","templated":true}]}}