{"id":18,"date":"2021-06-02T12:05:48","date_gmt":"2021-06-02T12:05:48","guid":{"rendered":"https:\/\/www.tera4all.eu\/?page_id=18"},"modified":"2021-06-04T13:02:06","modified_gmt":"2021-06-04T13:02:06","slug":"consortium","status":"publish","type":"page","link":"https:\/\/www.tera4all.eu\/?page_id=18","title":{"rendered":"Consortium"},"content":{"rendered":"<ul>\n<li><strong><span lang=\"fr-BE\">MULTITEL (coordinateur et d\u00e9veloppeur de solutions THz),<\/span><\/strong><\/li>\n<\/ul>\n<p><img loading=\"lazy\" decoding=\"async\" class=\" wp-image-60 alignleft\" src=\"https:\/\/www.tera4all.eu\/wp-content\/uploads\/2021\/06\/logoMULT-300x139.png\" alt=\"\" width=\"284\" height=\"137\" \/><\/p>\n<p>Reconnu comme un p\u00f4le de comp\u00e9tences au niveau international, Multitel \u00e9labore et int\u00e8gre des technologies \u00e9mergentes au sein du tissu industriel. Par la diversit\u00e9 de ses domaines d\u2019expertise, Multitel accompagne les entreprises dans leurs projets d\u2019innovations technologiques, tant dans les phases exploratoire, de faisabilit\u00e9 que de d\u00e9veloppement.<\/p>\n<p>Les activit\u00e9s de Multitel s\u2019articulent autour de 5 domaines d\u2019expertise : <span style=\"font-size: 15px;\">R\u00e9seaux et T\u00e9l\u00e9coms,\u00a0 <\/span><span style=\"font-size: 15px;\">Photonique Appliqu\u00e9e, <\/span><span style=\"font-size: 15px;\">IoT &amp; Syst\u00e8mes Embarqu\u00e9s, <\/span><span style=\"font-size: 15px;\">Intelligence Artificielle et <\/span><span style=\"font-size: 15px;\">Certification ferroviaire<\/span><\/p>\n<p>De mani\u00e8re g\u00e9n\u00e9rale, l\u2019objectif de Multitel est de stimuler l\u2019innovation en entreprise, et ce par diff\u00e9rents moyens\u00a0:<\/p>\n<blockquote>\n<ul>\n<li>Veille et guidance technologiques<\/li>\n<li>R\u00e9alisation de tests techniques<\/li>\n<li>Etude de faisabilit\u00e9<\/li>\n<li>Prototypage et petites s\u00e9ries<\/li>\n<li>Conception et mise en \u0153uvre de solutions technologiques innovantes<\/li>\n<li>Transfert technologique<\/li>\n<li>Formations (catalogue et sur mesure)<\/li>\n<li>Participation active aux programmes de recherche r\u00e9gionaux (Plan Marshall, Cwality, \u2026) et europ\u00e9ens (H2020, ERA-net,\u2026)<\/li>\n<\/ul>\n<\/blockquote>\n<ul>\n<li><strong><span lang=\"fr-BE\">Centre spatial de Li\u00e8ge (sp\u00e9cialis\u00e9 dans les applications de contr\u00f4le non destructif sur composites notamment et techniques holographiques),<\/span><\/strong><\/li>\n<\/ul>\n<p><img loading=\"lazy\" decoding=\"async\" class=\"wp-image-56 alignleft\" src=\"https:\/\/www.tera4all.eu\/wp-content\/uploads\/2021\/06\/logo2-300x204.png\" alt=\"\" width=\"192\" height=\"133\" \/><\/p>\n<p>Le CSL est un centre de recherche de l&#8217;Universit\u00e9 de Li\u00e8ge, sp\u00e9cialis\u00e9 dans la recherche et le d\u00e9veloppement sur les syst\u00e8mes optiques spatiaux, la qualification de charges utiles optiques en environnement spatial simul\u00e9. De plus, CSL a une activit\u00e9 de recherches importante qui sont d&#8217;int\u00e9r\u00eat pour l&#8217;industrie a\u00e9rospatiale. Parmi celles-ci, le laboratoire Laser &amp; Contr\u00f4le Non Destructif a une expertise de plusieurs ann\u00e9es en R&amp;D sur les techniques d&#8217;inspection sans contact pour la d\u00e9tection d&#8217;endommagement et de d\u00e9fauts dans les mat\u00e9riaux composites. Ainsi, l&#8217;holographie analogique et num\u00e9rique, la shearographie, la thermographie et les ultrasons par laser ont \u00e9t\u00e9 ou sont en d\u00e9veloppement actuellement. Dans le cadre de TERA4ALL, le CSL d\u00e9veloppe de nouvelles techniques bas\u00e9es sur l&#8217;imagerie coh\u00e9rente (holographie, ptychographie) appliqu\u00e9e aux ondes Terahertz. L&#8217;objectif est la d\u00e9tection et la localisation 3D de d\u00e9fauts, principalement dans les mat\u00e9riaux composites, mais aussi l&#8217;imagerie dans d&#8217;autres champs d&#8217;application.<\/p>\n<ul>\n<li><strong><span lang=\"fr-BE\">Universit\u00e9 de Li\u00e8ge, Institut Montefiore (traitement du signal et imagerie THz appliqu\u00e9e au cas de biopsies et de cancer du sein),<\/span><\/strong><\/li>\n<\/ul>\n<p><img loading=\"lazy\" decoding=\"async\" class=\"wp-image-57 alignleft\" src=\"https:\/\/www.tera4all.eu\/wp-content\/uploads\/2021\/06\/logo-ULg-300x146.png\" alt=\"\" width=\"199\" height=\"101\" \/><\/p>\n<p><a href=\"https:\/\/www.montefiore.uliege.be\/cms\/c_3482888\/en\/montefiore-institute\">L\u2019<u>Institut Montefiore<\/u><\/a>, fond\u00e9 en en 1883, \u00e0 l\u2019aube du d\u00e9veloppement de l\u2019\u00e9lectricit\u00e9, constitue aujourd\u2019hui le D\u00e9partement d\u2019Electrict\u00e9, Electronique et Informatique de la Facult\u00e9 des Sciences appliqu\u00e9es de l\u2019Universit\u00e9 de Li\u00e8ge.L\u2019institut est une des plus anciennes \u00e9coles d\u2019enseignement et recherche en \u00e9lectricit\u00e9 au monde.A la mi-2021, les <a href=\"https:\/\/www.montefiore.uliege.be\/cms\/c_4570368\/en\/research-topics\"><u>th\u00e9matiques principales<\/u> <\/a>de recherches sont\u00a0: (1) intelligence artificielle et apprentissage automatique\u00a0; (2) vision par ordinateur, traitement du signal et robotique\u00a0; (3) cybers\u00e9curit\u00e9 et syst\u00e8mes informatiques\u00a0; (4) puissance \u00e9lectrique et syst\u00e8mes d\u2019\u00e9nergie, (5) conception de circuit \u00e9lectroniques, et capteurs\u00a0; (6) calcul \u00e0 haute performance\u00a0; (7) mat\u00e9riaux d\u2019ing\u00e9nierie \u00e9lectrique\u00a0; (8) neuro-ing\u00e9nierie\u00a0; (9) simulation num\u00e9rique, optimisation et contr\u00f4le\u00a0; (10) informatique th\u00e9orique.<\/p>\n<p>Le d\u00e9partement poss\u00e8de une vari\u00e9t\u00e9 d\u2019expertises pertinentes pour le domaine des ondes t\u00e9rahertz (THz) et de leurs applications. Pour les applications m\u00e9dicales THz du projet TERA4ALL, le d\u00e9partement utilise particuli\u00e8rement son expertise dans les domaines suivants : traitement du signal et de l\u2019image, vision par ordinateur, apprentissage automatique, traitement des signaux radar espace-temps, imagerie radar (SAR) polarim\u00e9trique, syst\u00e8mes de t\u00e9l\u00e9communcations spatiales et, bien entendu, imagerie m\u00e9dicale y compris reconstruction d\u2019images (tomographie) et navigation neurochirugical guid\u00e9e par l\u2019image. Dans le domaine sp\u00e9cifique du THz, le d\u00e9partement dispose d\u2019une exp\u00e9rience de pr\u00e8s de 10 ans, initialement acquise via le projet FEDER ENVIMEDIA, effectu\u00e9 en partenariat avec Multitel, o\u00f9 il a r\u00e9alis\u00e9 la suite logicielle TeraMediaTIC, d\u00e9di\u00e9e au traitement de donn\u00e9es d&#8217;instruments spectro-imageurs THz dans le domaine temporel (THz-TDS).<\/p>\n<ul>\n<li><span lang=\"fr-BE\"><strong>Centre wallon de Recherches agronomiques (Mesures par spectroscopie infrarouge et Raman et sp\u00e9cialise des applications agro-alimentaires)<\/strong>,<\/span><\/li>\n<\/ul>\n<p><img loading=\"lazy\" decoding=\"async\" class=\"size-medium wp-image-58 alignleft\" src=\"https:\/\/www.tera4all.eu\/wp-content\/uploads\/2021\/06\/logoCRAW-300x172.jpg\" alt=\"\" width=\"300\" height=\"172\" srcset=\"https:\/\/www.tera4all.eu\/wp-content\/uploads\/2021\/06\/logoCRAW-300x172.jpg 300w, https:\/\/www.tera4all.eu\/wp-content\/uploads\/2021\/06\/logoCRAW-1024x586.jpg 1024w, https:\/\/www.tera4all.eu\/wp-content\/uploads\/2021\/06\/logoCRAW-768x440.jpg 768w, https:\/\/www.tera4all.eu\/wp-content\/uploads\/2021\/06\/logoCRAW-1536x879.jpg 1536w, https:\/\/www.tera4all.eu\/wp-content\/uploads\/2021\/06\/logoCRAW.jpg 1752w\" sizes=\"auto, (max-width: 300px) 100vw, 300px\" \/><\/p>\n<p>Le Centre wallon de Recherches agronomiques (CRA-W) est actif dans le domaine agricole et agro-alimentaire. Au sein du CRA-W, l\u2019unit\u00e9 Qualit\u00e9 et Authentification des Produits est sp\u00e9cialis\u00e9e dans le d\u00e9veloppement et l&#8217;application de solutions analytiques bas\u00e9es sur les techniques spectroscopiques pour un contr\u00f4le rapide, non destructif et respectueux de l&#8217;environnement des productions agricoles, des produits en cours de fabrication et des produits alimentaires finis.<\/p>\n<p>Son implication dans le projet TERA4ALL lui permet d\u2019\u00e9tudier une r\u00e9gion suppl\u00e9mentaire du spectre \u00e9lectromagn\u00e9tique (la r\u00e9gion THz) tr\u00e8s peu utilis\u00e9e dans le domaine agro-alimentaire. En fonction des besoins ou probl\u00e9matiques rencontr\u00e9es par les industriels (c.-\u00e0-d. caract\u00e9risation de la qualit\u00e9, d\u00e9tection de d\u00e9fauts de production, contamination, identification, ou autre probl\u00e9matique), des tests sont men\u00e9s afin de d\u00e9montrer le potentiel du THz. Le CRA-W contribue ainsi \u00e0 la validation de prototypes de syst\u00e8mes THz afin de proposer des solutions potentielles aux industriels et de d\u00e9velopper des syst\u00e8mes innovants permettant un contr\u00f4le rapide et non destructif de la qualit\u00e9 des produits agro-alimentaires. \u00a0En parall\u00e8le, le CRA-W investigue cette r\u00e9gion spectrale peu connue \u00e0 travers l\u2019\u00e9tude et la caract\u00e9risation de diff\u00e9rents produits (polyph\u00e9nols, farines) par spectroscopie dans l\u2019infrarouge lointain (FIR) (Cfr Equipement du CRA-W).<\/p>\n<ul>\n<li><strong><span lang=\"fr-BE\">Universit\u00e9 Catholique de Louvain, IMCN (conception de nouveaux compos\u00e9s pharamceutiques et caract\u00e9risation).<\/span><\/strong><\/li>\n<\/ul>\n<p><img loading=\"lazy\" decoding=\"async\" class=\"alignleft wp-image-59\" src=\"https:\/\/www.tera4all.eu\/wp-content\/uploads\/2021\/06\/logoUCL1-300x281.png\" alt=\"\" width=\"215\" height=\"201\" srcset=\"https:\/\/www.tera4all.eu\/wp-content\/uploads\/2021\/06\/logoUCL1-300x281.png 300w, https:\/\/www.tera4all.eu\/wp-content\/uploads\/2021\/06\/logoUCL1.png 648w\" sizes=\"auto, (max-width: 215px) 100vw, 215px\" \/>Le laboratoire de l\u2019ing\u00e9nierie du cristal et du proc\u00e9d\u00e9 de cristallisation, s\u2019int\u00e9resse \u00e0 l\u2019\u00e9tat solide des compos\u00e9s d\u2019activit\u00e9 pharmaceutique. Plus particuli\u00e8rement, il \u00e9tudie la stabilit\u00e9 des formes cristallines, et vise \u00e0 alt\u00e9rer les propri\u00e9t\u00e9s des compos\u00e9s pharmaceutiques en cr\u00e9ant des phases cristallines \u00e0 multiples composantes. La laboratoire vise \u00e0 caract\u00e9riser les diff\u00e9rentes formes cristallographiques par la technologie THz.<\/p>\n<p><img loading=\"lazy\" decoding=\"async\" class=\"alignnone wp-image-90 size-medium\" src=\"https:\/\/www.tera4all.eu\/wp-content\/uploads\/2021\/06\/institution_v3-e1622811613472-300x74.png\" alt=\"\" width=\"300\" height=\"74\" srcset=\"https:\/\/www.tera4all.eu\/wp-content\/uploads\/2021\/06\/institution_v3-e1622811613472-300x74.png 300w, https:\/\/www.tera4all.eu\/wp-content\/uploads\/2021\/06\/institution_v3-e1622811613472.png 436w\" sizes=\"auto, (max-width: 300px) 100vw, 300px\" \/><\/p>\n<p>&nbsp;<\/p>\n","protected":false},"excerpt":{"rendered":"<p>MULTITEL (coordinateur et d\u00e9veloppeur de solutions THz), Reconnu comme un p\u00f4le de comp\u00e9tences au niveau international, Multitel \u00e9labore et int\u00e8gre des technologies \u00e9mergentes au sein du tissu industriel. Par la diversit\u00e9 de ses domaines d\u2019expertise, Multitel accompagne les entreprises dans <a class=\"more-link\" href=\"https:\/\/www.tera4all.eu\/?page_id=18\">Continue reading <span class=\"screen-reader-text\">  Consortium<\/span><span class=\"meta-nav\">&rarr;<\/span><\/a><\/p>\n","protected":false},"author":1,"featured_media":0,"parent":0,"menu_order":0,"comment_status":"closed","ping_status":"closed","template":"","meta":{"footnotes":""},"class_list":["post-18","page","type-page","status-publish","hentry"],"_links":{"self":[{"href":"https:\/\/www.tera4all.eu\/index.php?rest_route=\/wp\/v2\/pages\/18","targetHints":{"allow":["GET"]}}],"collection":[{"href":"https:\/\/www.tera4all.eu\/index.php?rest_route=\/wp\/v2\/pages"}],"about":[{"href":"https:\/\/www.tera4all.eu\/index.php?rest_route=\/wp\/v2\/types\/page"}],"author":[{"embeddable":true,"href":"https:\/\/www.tera4all.eu\/index.php?rest_route=\/wp\/v2\/users\/1"}],"replies":[{"embeddable":true,"href":"https:\/\/www.tera4all.eu\/index.php?rest_route=%2Fwp%2Fv2%2Fcomments&post=18"}],"version-history":[{"count":10,"href":"https:\/\/www.tera4all.eu\/index.php?rest_route=\/wp\/v2\/pages\/18\/revisions"}],"predecessor-version":[{"id":54,"href":"https:\/\/www.tera4all.eu\/index.php?rest_route=\/wp\/v2\/pages\/18\/revisions\/54"}],"wp:attachment":[{"href":"https:\/\/www.tera4all.eu\/index.php?rest_route=%2Fwp%2Fv2%2Fmedia&parent=18"}],"curies":[{"name":"wp","href":"https:\/\/api.w.org\/{rel}","templated":true}]}}