{"id":47,"date":"2021-06-03T14:57:33","date_gmt":"2021-06-03T14:57:33","guid":{"rendered":"https:\/\/www.tera4all.eu\/?page_id=47"},"modified":"2021-06-04T14:49:35","modified_gmt":"2021-06-04T14:49:35","slug":"les-equipements-thz-disponibles","status":"publish","type":"page","link":"https:\/\/www.tera4all.eu\/?page_id=47","title":{"rendered":"Les \u00e9quipements THz disponibles"},"content":{"rendered":"<p><strong><span lang=\"fr-BE\">Chez Multitel\u00a0: <\/span><\/strong><\/p>\n<p>Lasers \u00e0 impulsions ultracourtes (femtoseconde) pour la g\u00e9n\u00e9ration d&#8217;ondes t\u00e9rahertz, enversions OEM ou benchtop :<\/p>\n<p><img loading=\"lazy\" decoding=\"async\" class=\"alignleft wp-image-83\" src=\"https:\/\/www.tera4all.eu\/wp-content\/uploads\/2021\/06\/Proto-OEM-scaled-e1622808169295-262x300.jpg\" alt=\"\" width=\"243\" height=\"279\" srcset=\"https:\/\/www.tera4all.eu\/wp-content\/uploads\/2021\/06\/Proto-OEM-scaled-e1622808169295-262x300.jpg 262w, https:\/\/www.tera4all.eu\/wp-content\/uploads\/2021\/06\/Proto-OEM-scaled-e1622808169295-896x1024.jpg 896w, https:\/\/www.tera4all.eu\/wp-content\/uploads\/2021\/06\/Proto-OEM-scaled-e1622808169295-768x878.jpg 768w, https:\/\/www.tera4all.eu\/wp-content\/uploads\/2021\/06\/Proto-OEM-scaled-e1622808169295-1344x1536.jpg 1344w, https:\/\/www.tera4all.eu\/wp-content\/uploads\/2021\/06\/Proto-OEM-scaled-e1622808169295.jpg 1696w\" sizes=\"auto, (max-width: 243px) 100vw, 243px\" \/><\/p>\n<p><img loading=\"lazy\" decoding=\"async\" class=\"alignleft wp-image-82\" src=\"https:\/\/www.tera4all.eu\/wp-content\/uploads\/2021\/06\/MARS_Prototype-300x246.png\" alt=\"\" width=\"338\" height=\"277\" srcset=\"https:\/\/www.tera4all.eu\/wp-content\/uploads\/2021\/06\/MARS_Prototype-300x246.png 300w, https:\/\/www.tera4all.eu\/wp-content\/uploads\/2021\/06\/MARS_Prototype-1024x840.png 1024w, https:\/\/www.tera4all.eu\/wp-content\/uploads\/2021\/06\/MARS_Prototype-768x630.png 768w, https:\/\/www.tera4all.eu\/wp-content\/uploads\/2021\/06\/MARS_Prototype-1536x1260.png 1536w, https:\/\/www.tera4all.eu\/wp-content\/uploads\/2021\/06\/MARS_Prototype.png 1936w\" sizes=\"auto, (max-width: 338px) 100vw, 338px\" \/><\/p>\n<p>&nbsp;<\/p>\n<p>&nbsp;<\/p>\n<p>&nbsp;<\/p>\n<p>&nbsp;<\/p>\n<p>&nbsp;<\/p>\n<p>&nbsp;<\/p>\n<p>Syst\u00e8mes THz: Divers syst\u00e8mes TDS (Time domain spectroscopy) commerciaux (de soci\u00e9t\u00e9s comme Rainbow photonics, Menlo ou Toptica), Syst\u00e8me DFG (d\u00e9velopp\u00e9 en interne), Syst\u00e8mes continus (400mW\/100GHz) de la soci\u00e9t\u00e9 Terasense&#8230; :<\/p>\n<p><img loading=\"lazy\" decoding=\"async\" class=\"alignleft wp-image-80\" src=\"https:\/\/www.tera4all.eu\/wp-content\/uploads\/2021\/06\/TDS-kit-300x225.jpg\" alt=\"\" width=\"380\" height=\"288\" \/><\/p>\n<p><img loading=\"lazy\" decoding=\"async\" class=\" wp-image-155 alignleft\" src=\"https:\/\/www.tera4all.eu\/wp-content\/uploads\/2021\/06\/TERASENSE-251x300.png\" alt=\"\" width=\"241\" height=\"286\" \/> <img loading=\"lazy\" decoding=\"async\" class=\" wp-image-156 alignleft\" src=\"https:\/\/www.tera4all.eu\/wp-content\/uploads\/2021\/06\/TDs-transmission-230x300.png\" alt=\"\" width=\"219\" height=\"281\" \/><\/p>\n<p>&nbsp;<\/p>\n<p>&nbsp;<\/p>\n<p>&nbsp;<\/p>\n<p>&nbsp;<\/p>\n<p>&nbsp;<\/p>\n<p>&nbsp;<\/p>\n<p>&nbsp;<\/p>\n<figure id=\"attachment_146\" aria-describedby=\"caption-attachment-146\" style=\"width: 374px\" class=\"wp-caption alignleft\"><img loading=\"lazy\" decoding=\"async\" class=\"wp-image-146\" style=\"font-family: inherit; font-style: inherit;\" src=\"https:\/\/www.tera4all.eu\/wp-content\/uploads\/2021\/06\/Schema-DFG-interface-300x68.png\" alt=\"\" width=\"374\" height=\"85\" srcset=\"https:\/\/www.tera4all.eu\/wp-content\/uploads\/2021\/06\/Schema-DFG-interface-300x68.png 300w, https:\/\/www.tera4all.eu\/wp-content\/uploads\/2021\/06\/Schema-DFG-interface-1024x231.png 1024w, https:\/\/www.tera4all.eu\/wp-content\/uploads\/2021\/06\/Schema-DFG-interface-768x173.png 768w, https:\/\/www.tera4all.eu\/wp-content\/uploads\/2021\/06\/Schema-DFG-interface.png 1384w\" sizes=\"auto, (max-width: 374px) 100vw, 374px\" \/><figcaption id=\"caption-attachment-146\" class=\"wp-caption-text\">Syst\u00e8me DFG d\u00e9velopp\u00e9 chez Multitel<\/figcaption><\/figure>\n<p><img loading=\"lazy\" decoding=\"async\" class=\" wp-image-158 alignleft\" src=\"https:\/\/www.tera4all.eu\/wp-content\/uploads\/2021\/06\/DFG2-300x143.jpg\" alt=\"\" width=\"272\" height=\"135\" \/><\/p>\n<p>&nbsp;<\/p>\n<p>&nbsp;<\/p>\n<p>&nbsp;<\/p>\n<p>&nbsp;<\/p>\n<hr \/>\n<p><strong><span lang=\"fr-BE\">Au CSL (images d<\/span><span style=\"font-family: 'Helvetica Neue', Helvetica, Arial, sans-serif; font-size: 15px; font-style: normal;\">e gauche \u00e0 droite<\/span><span style=\"font-size: 15px;\">) :\u00a0<\/span><\/strong><\/p>\n<ul style=\"font-family: 'Helvetica Neue', Helvetica, Arial, sans-serif; font-size: 15px; font-style: normal;\">\n<li style=\"font-size: 15px;\">Laser Terahertz \u00e0 gaz, 295 FIR (fabriqu\u00e9 par Edinburgh Instruments). Diff\u00e9rentes raies d&#8217;\u00e9mission disponibles entre 3 THz et 500 GHz. La raie d&#8217;\u00e9mission la plus puissante se situe \u00e0 2.5 THz (longueur d&#8217;onde 118 \u00b5m) avec 500 mW.<\/li>\n<li style=\"font-size: 15px;\">Cam\u00e9ra THz \u00e0 microbolom\u00e8tres, MicroXCam-i384 (fabriqu\u00e9e par INO), 384&#215;288 pixels, munie d&#8217;une lentille d&#8217;imagerie. Sensibilit\u00e9 spectrale allant de 0.094 \u00e0 4.25 THz<\/li>\n<li style=\"font-size: 15px;\">Dispositif d&#8217;holographie num\u00e9rique THz (d\u00e9velopp\u00e9 au CSL)<\/li>\n<li style=\"font-size: 15px;\">Dispositif de ptychographie THz (d\u00e9velopp\u00e9 au CSL)<\/li>\n<\/ul>\n<p><img loading=\"lazy\" decoding=\"async\" class=\"alignnone wp-image-63\" style=\"font-style: inherit;\" src=\"https:\/\/www.tera4all.eu\/wp-content\/uploads\/2021\/06\/Set-up-THzCSL-300x225.png\" alt=\"\" width=\"248\" height=\"189\" \/>\u00a0\u00a0<img loading=\"lazy\" decoding=\"async\" class=\"alignnone wp-image-64\" src=\"https:\/\/www.tera4all.eu\/wp-content\/uploads\/2021\/06\/camera-INO-300x218.png\" alt=\"\" width=\"258\" height=\"190\" \/> <img loading=\"lazy\" decoding=\"async\" class=\"alignnone wp-image-65\" style=\"font-family: inherit; font-style: inherit;\" src=\"https:\/\/www.tera4all.eu\/wp-content\/uploads\/2021\/06\/Holographie-300x224.jpg\" alt=\"\" width=\"251\" height=\"190\" \/> <img loading=\"lazy\" decoding=\"async\" class=\"alignnone wp-image-62\" style=\"font-family: inherit; font-style: inherit;\" src=\"https:\/\/www.tera4all.eu\/wp-content\/uploads\/2021\/06\/ptychographie-300x226.jpg\" alt=\"\" width=\"250\" height=\"191\" \/><\/p>\n<hr \/>\n<p><strong>ULi\u00e8ge-Montefiore :\u00a0<\/strong><\/p>\n<p>ULi\u00e8ge-Montefiore a acquis un syst\u00e8me de spectroscopie dans le domaine temporel et d\u2019imagerie THz (THz-TDS). Ce syst\u00e8me (TeraPulse 4000, TeraView Ltd, Cambridge, UK) se compose des 4 \u00e9l\u00e9ments suivants\u00a0: (1) unit\u00e9 principale, (2) compartiment \u00e0 \u00e9chantillon ext\u00e9rieur \u00e0 l\u2019unit\u00e9 principale, (3) module d\u2019imagerie en mode r\u00e9flexion, et (4) module d\u2019imagerie en mode transmission.<\/p>\n<p><img loading=\"lazy\" decoding=\"async\" class=\"wp-image-69 aligncenter\" src=\"https:\/\/www.tera4all.eu\/wp-content\/uploads\/2021\/06\/Screenshot-2021-06-04-105132-300x259.png\" alt=\"\" width=\"370\" height=\"321\" \/><\/p>\n<hr \/>\n<p><strong><span lang=\"fr-BE\">CRA-W:<\/span><\/strong><\/p>\n<p>Le CRA-W dispose d\u2019un spectrom\u00e8tre Vertex 70 (Bruker) muni d\u2019un accessoire Platinum ATR (Bruker) permettant de mesurer dans l\u2019infrarouge moyen et lointain (r\u00e9gion de 4000 \u00e0 30 cm-1)\u00a0; la partie lointaine se chevauchant avec la r\u00e9gion THz.<\/p>\n<p><img loading=\"lazy\" decoding=\"async\" class=\"wp-image-71 alignnone\" style=\"font-style: inherit;\" src=\"https:\/\/www.tera4all.eu\/wp-content\/uploads\/2021\/06\/SPectro-300x193.jpg\" alt=\"\" width=\"327\" height=\"215\" \/> <img loading=\"lazy\" decoding=\"async\" class=\"wp-image-70 alignnone\" style=\"font-style: inherit;\" src=\"https:\/\/www.tera4all.eu\/wp-content\/uploads\/2021\/06\/ATR-300x252.jpg\" alt=\"\" width=\"186\" height=\"158\" \/><\/p>\n","protected":false},"excerpt":{"rendered":"<p>Chez Multitel\u00a0: Lasers \u00e0 impulsions ultracourtes (femtoseconde) pour la g\u00e9n\u00e9ration d&#8217;ondes t\u00e9rahertz, enversions OEM ou benchtop : &nbsp; &nbsp; &nbsp; &nbsp; &nbsp; &nbsp; Syst\u00e8mes THz: Divers syst\u00e8mes TDS (Time domain spectroscopy) commerciaux (de soci\u00e9t\u00e9s comme Rainbow photonics, Menlo ou Toptica), <a class=\"more-link\" href=\"https:\/\/www.tera4all.eu\/?page_id=47\">Continue reading <span class=\"screen-reader-text\">  Les \u00e9quipements THz disponibles<\/span><span class=\"meta-nav\">&rarr;<\/span><\/a><\/p>\n","protected":false},"author":1,"featured_media":0,"parent":0,"menu_order":0,"comment_status":"closed","ping_status":"closed","template":"","meta":{"footnotes":""},"class_list":["post-47","page","type-page","status-publish","hentry"],"_links":{"self":[{"href":"https:\/\/www.tera4all.eu\/index.php?rest_route=\/wp\/v2\/pages\/47","targetHints":{"allow":["GET"]}}],"collection":[{"href":"https:\/\/www.tera4all.eu\/index.php?rest_route=\/wp\/v2\/pages"}],"about":[{"href":"https:\/\/www.tera4all.eu\/index.php?rest_route=\/wp\/v2\/types\/page"}],"author":[{"embeddable":true,"href":"https:\/\/www.tera4all.eu\/index.php?rest_route=\/wp\/v2\/users\/1"}],"replies":[{"embeddable":true,"href":"https:\/\/www.tera4all.eu\/index.php?rest_route=%2Fwp%2Fv2%2Fcomments&post=47"}],"version-history":[{"count":23,"href":"https:\/\/www.tera4all.eu\/index.php?rest_route=\/wp\/v2\/pages\/47\/revisions"}],"predecessor-version":[{"id":159,"href":"https:\/\/www.tera4all.eu\/index.php?rest_route=\/wp\/v2\/pages\/47\/revisions\/159"}],"wp:attachment":[{"href":"https:\/\/www.tera4all.eu\/index.php?rest_route=%2Fwp%2Fv2%2Fmedia&parent=47"}],"curies":[{"name":"wp","href":"https:\/\/api.w.org\/{rel}","templated":true}]}}